{"id":535,"date":"2022-08-03T14:43:17","date_gmt":"2022-08-03T14:43:17","guid":{"rendered":"http:\/\/design.urbanradar.io\/?page_id=535"},"modified":"2024-06-13T09:30:25","modified_gmt":"2024-06-13T09:30:25","slug":"terms-of-use","status":"publish","type":"page","link":"https:\/\/urbanradar.io\/fr\/terms-of-use\/","title":{"rendered":"Mentions l\u00e9gales"},"content":{"rendered":"<div data-elementor-type=\"wp-page\" data-elementor-id=\"535\" class=\"elementor elementor-535\">\n\t\t\t\t\t\t<section class=\"elementor-section elementor-top-section elementor-element elementor-element-82f2300 elementor-section-boxed elementor-section-height-default elementor-section-height-default\" data-id=\"82f2300\" data-element_type=\"section\" data-e-type=\"section\">\n\t\t\t\t\t\t<div class=\"elementor-container elementor-column-gap-default\">\n\t\t\t\t\t<div class=\"elementor-column elementor-col-100 elementor-top-column elementor-element elementor-element-60e8e77\" data-id=\"60e8e77\" data-element_type=\"column\" data-e-type=\"column\">\n\t\t\t<div class=\"elementor-widget-wrap elementor-element-populated\">\n\t\t\t\t\t\t<div class=\"elementor-element elementor-element-b5c445b elementor-widget elementor-widget-text-editor\" data-id=\"b5c445b\" data-element_type=\"widget\" data-e-type=\"widget\" data-widget_type=\"text-editor.default\">\n\t\t\t\t<div class=\"elementor-widget-container\">\n\t\t\t\t\t\t\t\t\t<h1><b>MENTIONS L\u00c9GALES<\/b><\/h1><p><b>Urban Radar SAS\u00a0<\/b><\/p><p><span style=\"font-weight: 400;\">58 Avenue du General Eisenhower\u00a0<\/span><\/p><p><span style=\"font-weight: 400;\">51100 Reims\u00a0<\/span><\/p><p><span style=\"font-weight: 400;\">FRANCE<\/span><\/p><p><span style=\"font-weight: 400;\">Siret: 880 373 014\u00a0<\/span><\/p><p><span style=\"font-weight: 400;\">@urbanradar.io<\/span><\/p><p><b>Design and editing<\/b><\/p><p><b>Urban Radar SAS<\/b><\/p><p><span style=\"font-weight: 400;\">14 Rue Alexandre Parodi<\/span><\/p><p><span style=\"font-weight: 400;\">75010 Paris<\/span><\/p><p><span style=\"font-weight: 400;\">FRANCE<\/span><\/p><p><span style=\"font-weight: 400;\">Siret 880 373 014 00021 RCS Paris<\/span><\/p><p><span style=\"font-weight: 400;\">@urbanradar.io<\/span><\/p><p><b>Conditions g\u00e9n\u00e9rales d'utilisation du site et des services propos\u00e9s<\/b><\/p><p><span style=\"font-weight: 400;\">Bienvenue <\/span><a href=\"http:\/\/urbanradar.io\/fr\/\"><span style=\"font-weight: 400;\">http:\/\/urbanradar.io<\/span><\/a><span style=\"font-weight: 400;\">Si vous continuez \u00e0 utiliser ou \u00e0 naviguer sur le site <\/span><a href=\"http:\/\/urbanradar.io\/fr\/\"><span style=\"font-weight: 400;\">http:\/\/urbanradar.io<\/span><\/a><span style=\"font-weight: 400;\"> vous acceptez de vous conformer et d'\u00eatre li\u00e9 par les conditions g\u00e9n\u00e9rales d'utilisation d\u00e9crites ci-dessous, qui, avec notre politique de confidentialit\u00e9, r\u00e9gissent la relation d'Urban Radar SAS avec vous en ce qui concerne ce site web. Si vous n'\u00eates pas d'accord avec une partie de ces termes et conditions, veuillez ne pas utiliser ce site web.\u00a0<\/span><\/p><p><span style=\"font-weight: 400;\">Ces conditions d'utilisation peuvent \u00eatre modifi\u00e9es ou compl\u00e9t\u00e9es \u00e0 tout moment, les utilisateurs du site <\/span><a href=\"http:\/\/urbanradar.io\/fr\/\"><span style=\"font-weight: 400;\">http:\/\/urbanradar.io<\/span><\/a><span style=\"font-weight: 400;\"> (ci-apr\u00e8s \u00ab ce site \u00bb ou \u00ab le site \u00bb) sont donc invit\u00e9s \u00e0 les consulter r\u00e9guli\u00e8rement.<\/span><\/p><p><span style=\"font-weight: 400;\">Les termes \u00ab nous \u00bb, \u00ab notre \u00bb et \u00ab nos \u00bb font r\u00e9f\u00e9rence \u00e0 Urban Radar SAS (ci-apr\u00e8s \u00ab Urban Radar \u00bb), une soci\u00e9t\u00e9 par actions simplifi\u00e9e immatricul\u00e9e sous le num\u00e9ro 880373014, dont le si\u00e8ge social est situ\u00e9 au 58 Avenue du G\u00e9n\u00e9ral Eisenhower, 51100 Reims.<\/span><\/p><p><span style=\"font-weight: 400;\">\u00ab Vous \u00bb fait r\u00e9f\u00e9rence \u00e0 vous, en tant qu'utilisateur ou visiteur de notre site web, <\/span><a href=\"http:\/\/urbanradar.io\/fr\/\"><span style=\"font-weight: 400;\">http:\/\/urbanradar.io<\/span><\/a><span style=\"font-weight: 400;\">.<\/span><\/p><p><span style=\"font-weight: 400;\">Ce site est normalement accessible aux utilisateurs \u00e0 tout moment. Une interruption pour raison de maintenance technique peut toutefois \u00eatre d\u00e9cid\u00e9e par Urban Radar, qui s'efforcera alors de communiquer pr\u00e9alablement aux utilisateurs les dates et heures de l'intervention.<\/span><\/p><p><span style=\"font-weight: 400;\">Les termes et conditions du site web <\/span><a href=\"http:\/\/urbanradar.io\/fr\/\"><span style=\"font-weight: 400;\">http:\/\/urbanradar.io<\/span><\/a><span style=\"font-weight: 400;\"> peuvent changer \u00e0 tout moment, sans pr\u00e9avis, en mettant \u00e0 jour ce document, et votre acc\u00e8s ou utilisation continue de ce site signifiera que vous acceptez tout changement \u00e9ventuel. Nous encourageons les utilisateurs \u00e0 se r\u00e9f\u00e9rer r\u00e9guli\u00e8rement \u00e0 ces termes et conditions pour s'en familiariser.<\/span><\/p><p><b>Port\u00e9e du contenu<\/b><\/p><p><span style=\"font-weight: 400;\">Malgr\u00e9 le soin apport\u00e9 \u00e0 la collecte des informations ainsi qu'\u00e0 la cr\u00e9ation du site en utilisant les techniques les plus r\u00e9centes, des erreurs, des omissions, des inexactitudes, des coupures ou des ajouts ind\u00e9pendants de notre volont\u00e9 peuvent demeurer ou \u00eatre ins\u00e9r\u00e9s sur ce site, Urban Radar ne peut, pour cette raison, \u00eatre tenu responsable, explicitement ou implicitement, de l'int\u00e9gralit\u00e9 du contenu du site. L'utilisateur du site reconna\u00eet qu'il utilise le site et les informations qu'il contient \u00e0 ses propres risques et qu'Urban Radar ne peut \u00eatre tenu responsable de tout pr\u00e9judice, direct ou indirect, de quelque nature que ce soit r\u00e9sultant en tout ou en partie de l'utilisation des informations du site.\u00a0<\/span><\/p><p><span style=\"font-weight: 400;\">De m\u00eame, IRIS Interactive ne peut \u00eatre tenu responsable de la nature ou du contenu des sites r\u00e9f\u00e9renc\u00e9s sur les pages suivantes et en particulier de ceux auxquels l'acc\u00e8s est permis par l'utilisation des liens hypertextes apparaissant sur les pages de ce site. Conform\u00e9ment \u00e0 la loi n\u00b0 78-17 du 6 janvier 1978, vous disposez d'un droit d'acc\u00e8s et de rectification des donn\u00e9es vous concernant.<\/span><\/p><p><b>Droits d'auteur \u2013 Copyright \u00a9 \u2013 Liens<\/b><\/p><p><b>Reproduction sur support papier<\/b><\/p><p><span style=\"font-weight: 400;\">\u00c0 l'exception de l'iconographie, la reproduction des pages de ce site sur un support papier est autoris\u00e9e, sous r\u00e9serve du respect des conditions suivantes :<\/span><\/p><ul><li style=\"font-weight: 400;\" aria-level=\"1\"><span style=\"font-weight: 400;\">distribution gratuite,<\/span><\/li><li style=\"font-weight: 400;\" aria-level=\"1\"><span style=\"font-weight: 400;\">respect de l'int\u00e9grit\u00e9 des documents reproduits (aucune modification ni alt\u00e9ration d'aucune sorte)<\/span><\/li><li style=\"font-weight: 400;\" aria-level=\"1\"><span style=\"font-weight: 400;\">citation explicite du site <\/span><a href=\"http:\/\/urbanradar.io\/fr\/\"><span style=\"font-weight: 400;\">http:\/\/urbanradar.io<\/span><\/a><span style=\"font-weight: 400;\"> comme source et mention que les droits de reproduction sont r\u00e9serv\u00e9s et strictement limit\u00e9s.<\/span><\/li><\/ul><p><b>Reproduction sur support \u00e9lectronique<\/b><\/p><p><span style=\"font-weight: 400;\">La reproduction de tout ou partie de ce site sur un support \u00e9lectronique est autoris\u00e9e sous r\u00e9serve de l'ajout de mani\u00e8re claire et lisible de la source (<\/span><a href=\"http:\/\/urbanradar.io\/fr\/\"><span style=\"font-weight: 400;\">http:\/\/urbanradar.io<\/span><\/a><span style=\"font-weight: 400;\">) et de la mention \u00ab Droits r\u00e9serv\u00e9s \u00bb<\/span><\/p><p><span style=\"font-weight: 400;\">Les informations utilis\u00e9es ne doivent l'\u00eatre qu'\u00e0 des fins personnelles, associatives ou professionnelles ; toute utilisation \u00e0 des fins commerciales ou publicitaires est exclue.<\/span><\/p><p><b>Cr\u00e9dits photos<\/b><\/p><p><span style=\"font-weight: 400;\">Les visuels int\u00e9gr\u00e9s dans ce site rel\u00e8vent de la l\u00e9gislation fran\u00e7aise et internationale sur le droit d'auteur et la propri\u00e9t\u00e9 intellectuelle. Copyright Fotolia : Les photos de ce site ne sont pas libres de droits.<\/span><\/p><p><b>Cookies<\/b><\/p><p><span style=\"font-weight: 400;\">La navigation sur le site <\/span><a href=\"http:\/\/urbanradar.io\/fr\/\"><span style=\"font-weight: 400;\">http:\/\/urbanradar.io<\/span><\/a><span style=\"font-weight: 400;\"> est susceptible de provoquer l'installation de cookie(s) sur l'ordinateur de l'utilisateur. Un cookie est un petit fichier, qui ne permet pas l'identification de l'utilisateur, mais qui enregistre des informations relatives \u00e0 la navigation d'un ordinateur sur un site. Les donn\u00e9es ainsi obtenues visent \u00e0 faciliter la navigation ult\u00e9rieure sur le site, et ont \u00e9galement vocation \u00e0 permettre diverses mesures de fr\u00e9quentation.<\/span><\/p><p><span style=\"font-weight: 400;\">Le refus d'installation d'un cookie peut entra\u00eener l'impossibilit\u00e9 d'acc\u00e9der \u00e0 certains services. L'utilisateur peut toutefois configurer son ordinateur de la mani\u00e8re suivante, pour refuser l'installation des cookies :<\/span><\/p><p><span style=\"font-weight: 400;\">Exemple : sous Internet Explorer : onglet outil \/ options internet. Cliquez sur Confidentialit\u00e9 et choisissez Bloquer tous les cookies. Validez sur Ok.<\/span><\/p><p><span style=\"font-weight: 400;\">Sous Chrome : onglet param\u00e8tres \/ Afficher les param\u00e8tres avanc\u00e9s \/<\/span><\/p><ul><li style=\"font-weight: 400;\" aria-level=\"1\"><span style=\"font-weight: 400;\">Pour activer les cookies, s\u00e9lectionnez Autoriser le stockage des donn\u00e9es locales (recommand\u00e9)<\/span><\/li><li style=\"font-weight: 400;\" aria-level=\"1\"><span style=\"font-weight: 400;\">les cookies, s\u00e9lectionnez Interdire \u00e0 tous les sites de stocker des donn\u00e9es.<\/span><\/li><\/ul><p><span style=\"font-weight: 400;\">Cliquez sur OK pour enregistrer.<\/span><\/p><p><span style=\"font-weight: 400;\">Droit applicable et attribution de juridiction<\/span><\/p><p><span style=\"font-weight: 400;\">Tout litige en relation avec l'utilisation du site <\/span><a href=\"http:\/\/urbanradar.io\/fr\/\"><span style=\"font-weight: 400;\">http:\/\/urbanradar.io<\/span><\/a><span style=\"font-weight: 400;\"> est soumis au droit fran\u00e7ais.<\/span><\/p><p><span style=\"font-weight: 400;\">En cas de litige, les tribunaux fran\u00e7ais seront seuls comp\u00e9tents.<\/span><\/p><p><b>Protection des donn\u00e9es personnelles<\/b><\/p><p><span style=\"font-weight: 400;\">Aucune information personnelle n'est collect\u00e9e \u00e0 votre insu.<\/span><\/p><p><span style=\"font-weight: 400;\">Aucune information personnelle n'est divulgu\u00e9e \u00e0 des tiers.<\/span><\/p><p><br \/><br \/><\/p>\t\t\t\t\t\t\t\t<\/div>\n\t\t\t\t<\/div>\n\t\t\t\t\t<\/div>\n\t\t<\/div>\n\t\t\t\t\t<\/div>\n\t\t<\/section>\n\t\t\t\t<\/div>","protected":false},"excerpt":{"rendered":"<p>Legal Notice Urban Radar SAS\u00a0 58 Avenue du General Eisenhower\u00a0 51100 Reims\u00a0 FRANCE Siret: 880 373 014\u00a0 @urbanradar.io Design and editing Urban Radar SAS 14 Rue Alexandre Parodi 75010 Paris FRANCE Siret 880 373 014 00021 RCS Paris @urbanradar.io General conditions of use of the site and the services offered Welcome to http:\/\/urbanradar.io. If you [&hellip;]<\/p>\n","protected":false},"author":2,"featured_media":0,"parent":0,"menu_order":0,"comment_status":"closed","ping_status":"closed","template":"","meta":{"site-sidebar-layout":"no-sidebar","site-content-layout":"page-builder","ast-site-content-layout":"","site-content-style":"default","site-sidebar-style":"default","ast-global-header-display":"","ast-banner-title-visibility":"","ast-main-header-display":"","ast-hfb-above-header-display":"","ast-hfb-below-header-display":"","ast-hfb-mobile-header-display":"","site-post-title":"disabled","ast-breadcrumbs-content":"","ast-featured-img":"disabled","footer-sml-layout":"","theme-transparent-header-meta":"","adv-header-id-meta":"","stick-header-meta":"","header-above-stick-meta":"","header-main-stick-meta":"","header-below-stick-meta":"","astra-migrate-meta-layouts":"default","ast-page-background-enabled":"default","ast-page-background-meta":{"desktop":{"background-color":"var(--ast-global-color-4)","background-image":"","background-repeat":"repeat","background-position":"center center","background-size":"auto","background-attachment":"scroll","background-type":"","background-media":"","overlay-type":"","overlay-color":"","overlay-opacity":"","overlay-gradient":""},"tablet":{"background-color":"","background-image":"","background-repeat":"repeat","background-position":"center center","background-size":"auto","background-attachment":"scroll","background-type":"","background-media":"","overlay-type":"","overlay-color":"","overlay-opacity":"","overlay-gradient":""},"mobile":{"background-color":"","background-image":"","background-repeat":"repeat","background-position":"center center","background-size":"auto","background-attachment":"scroll","background-type":"","background-media":"","overlay-type":"","overlay-color":"","overlay-opacity":"","overlay-gradient":""}},"ast-content-background-meta":{"desktop":{"background-color":"var(--ast-global-color-5)","background-image":"","background-repeat":"repeat","background-position":"center center","background-size":"auto","background-attachment":"scroll","background-type":"","background-media":"","overlay-type":"","overlay-color":"","overlay-opacity":"","overlay-gradient":""},"tablet":{"background-color":"var(--ast-global-color-5)","background-image":"","background-repeat":"repeat","background-position":"center center","background-size":"auto","background-attachment":"scroll","background-type":"","background-media":"","overlay-type":"","overlay-color":"","overlay-opacity":"","overlay-gradient":""},"mobile":{"background-color":"var(--ast-global-color-5)","background-image":"","background-repeat":"repeat","background-position":"center center","background-size":"auto","background-attachment":"scroll","background-type":"","background-media":"","overlay-type":"","overlay-color":"","overlay-opacity":"","overlay-gradient":""}},"footnotes":""},"class_list":["post-535","page","type-page","status-publish","hentry"],"yoast_head":"<!-- This site is optimized with the Yoast SEO plugin v27.2 - https:\/\/yoast.com\/product\/yoast-seo-wordpress\/ -->\n<title>Terms of use - Urban Radar<\/title>\n<meta name=\"robots\" content=\"index, follow, max-snippet:-1, max-image-preview:large, max-video-preview:-1\" \/>\n<link rel=\"canonical\" href=\"https:\/\/urbanradar.io\/fr\/terms-of-use\/\" \/>\n<meta property=\"og:locale\" content=\"fr_FR\" \/>\n<meta property=\"og:type\" content=\"article\" \/>\n<meta property=\"og:title\" content=\"Terms of use - Urban Radar\" \/>\n<meta property=\"og:description\" content=\"Legal Notice Urban Radar SAS\u00a0 58 Avenue du General Eisenhower\u00a0 51100 Reims\u00a0 FRANCE Siret: 880 373 014\u00a0 @urbanradar.io Design and editing Urban Radar SAS 14 Rue Alexandre Parodi 75010 Paris FRANCE Siret 880 373 014 00021 RCS Paris @urbanradar.io General conditions of use of the site and the services offered Welcome to http:\/\/urbanradar.io. If you [&hellip;]\" \/>\n<meta property=\"og:url\" content=\"https:\/\/urbanradar.io\/fr\/terms-of-use\/\" \/>\n<meta property=\"og:site_name\" content=\"Urban Radar\" \/>\n<meta property=\"article:modified_time\" content=\"2024-06-13T09:30:25+00:00\" \/>\n<meta name=\"twitter:card\" content=\"summary_large_image\" \/>\n<meta name=\"twitter:site\" content=\"@urbanradar_io\" \/>\n<meta name=\"twitter:label1\" content=\"Dur\u00e9e de lecture estim\u00e9e\" \/>\n\t<meta name=\"twitter:data1\" content=\"4 minutes\" \/>\n<script type=\"application\/ld+json\" class=\"yoast-schema-graph\">{\"@context\":\"https:\/\/schema.org\",\"@graph\":[{\"@type\":\"WebPage\",\"@id\":\"https:\/\/urbanradar.io\/fr\/terms-of-use\/\",\"url\":\"https:\/\/urbanradar.io\/fr\/terms-of-use\/\",\"name\":\"Terms of use - Urban Radar\",\"isPartOf\":{\"@id\":\"https:\/\/urbanradar.io\/#website\"},\"datePublished\":\"2022-08-03T14:43:17+00:00\",\"dateModified\":\"2024-06-13T09:30:25+00:00\",\"breadcrumb\":{\"@id\":\"https:\/\/urbanradar.io\/fr\/terms-of-use\/#breadcrumb\"},\"inLanguage\":\"fr-FR\",\"potentialAction\":[{\"@type\":\"ReadAction\",\"target\":[\"https:\/\/urbanradar.io\/fr\/terms-of-use\/\"]}]},{\"@type\":\"BreadcrumbList\",\"@id\":\"https:\/\/urbanradar.io\/fr\/terms-of-use\/#breadcrumb\",\"itemListElement\":[{\"@type\":\"ListItem\",\"position\":1,\"name\":\"Home\",\"item\":\"https:\/\/urbanradar.io\/fr\/\"},{\"@type\":\"ListItem\",\"position\":2,\"name\":\"Terms of use\"}]},{\"@type\":\"WebSite\",\"@id\":\"https:\/\/urbanradar.io\/#website\",\"url\":\"https:\/\/urbanradar.io\/\",\"name\":\"Urban Radar\",\"description\":\"Spatial analytics for smart cities\",\"publisher\":{\"@id\":\"https:\/\/urbanradar.io\/#organization\"},\"potentialAction\":[{\"@type\":\"SearchAction\",\"target\":{\"@type\":\"EntryPoint\",\"urlTemplate\":\"https:\/\/urbanradar.io\/?s={search_term_string}\"},\"query-input\":{\"@type\":\"PropertyValueSpecification\",\"valueRequired\":true,\"valueName\":\"search_term_string\"}}],\"inLanguage\":\"fr-FR\"},{\"@type\":\"Organization\",\"@id\":\"https:\/\/urbanradar.io\/#organization\",\"name\":\"Urban Radar\",\"url\":\"https:\/\/urbanradar.io\/\",\"logo\":{\"@type\":\"ImageObject\",\"inLanguage\":\"fr-FR\",\"@id\":\"https:\/\/urbanradar.io\/#\/schema\/logo\/image\/\",\"url\":\"https:\/\/urbanradar.io\/wp-content\/uploads\/2022\/08\/logo_horizontal_main_dark.webp\",\"contentUrl\":\"https:\/\/urbanradar.io\/wp-content\/uploads\/2022\/08\/logo_horizontal_main_dark.webp\",\"width\":1555,\"height\":540,\"caption\":\"Urban Radar\"},\"image\":{\"@id\":\"https:\/\/urbanradar.io\/#\/schema\/logo\/image\/\"},\"sameAs\":[\"https:\/\/x.com\/urbanradar_io\",\"https:\/\/www.linkedin.com\/company\/urbanradar\/\"]}]}<\/script>\n<!-- \/ Yoast SEO plugin. -->","yoast_head_json":{"title":"Terms of use - Urban Radar","robots":{"index":"index","follow":"follow","max-snippet":"max-snippet:-1","max-image-preview":"max-image-preview:large","max-video-preview":"max-video-preview:-1"},"canonical":"https:\/\/urbanradar.io\/fr\/terms-of-use\/","og_locale":"fr_FR","og_type":"article","og_title":"Terms of use - Urban Radar","og_description":"Legal Notice Urban Radar SAS\u00a0 58 Avenue du General Eisenhower\u00a0 51100 Reims\u00a0 FRANCE Siret: 880 373 014\u00a0 @urbanradar.io Design and editing Urban Radar SAS 14 Rue Alexandre Parodi 75010 Paris FRANCE Siret 880 373 014 00021 RCS Paris @urbanradar.io General conditions of use of the site and the services offered Welcome to http:\/\/urbanradar.io. If you [&hellip;]","og_url":"https:\/\/urbanradar.io\/fr\/terms-of-use\/","og_site_name":"Urban Radar","article_modified_time":"2024-06-13T09:30:25+00:00","twitter_card":"summary_large_image","twitter_site":"@urbanradar_io","twitter_misc":{"Dur\u00e9e de lecture estim\u00e9e":"4 minutes"},"schema":{"@context":"https:\/\/schema.org","@graph":[{"@type":"WebPage","@id":"https:\/\/urbanradar.io\/fr\/terms-of-use\/","url":"https:\/\/urbanradar.io\/fr\/terms-of-use\/","name":"Terms of use - Urban Radar","isPartOf":{"@id":"https:\/\/urbanradar.io\/#website"},"datePublished":"2022-08-03T14:43:17+00:00","dateModified":"2024-06-13T09:30:25+00:00","breadcrumb":{"@id":"https:\/\/urbanradar.io\/fr\/terms-of-use\/#breadcrumb"},"inLanguage":"fr-FR","potentialAction":[{"@type":"ReadAction","target":["https:\/\/urbanradar.io\/fr\/terms-of-use\/"]}]},{"@type":"BreadcrumbList","@id":"https:\/\/urbanradar.io\/fr\/terms-of-use\/#breadcrumb","itemListElement":[{"@type":"ListItem","position":1,"name":"Home","item":"https:\/\/urbanradar.io\/fr\/"},{"@type":"ListItem","position":2,"name":"Terms of use"}]},{"@type":"WebSite","@id":"https:\/\/urbanradar.io\/#website","url":"https:\/\/urbanradar.io\/","name":"Urban Radar","description":"Votre territoire 4.0","publisher":{"@id":"https:\/\/urbanradar.io\/#organization"},"potentialAction":[{"@type":"SearchAction","target":{"@type":"EntryPoint","urlTemplate":"https:\/\/urbanradar.io\/?s={search_term_string}"},"query-input":{"@type":"PropertyValueSpecification","valueRequired":true,"valueName":"search_term_string"}}],"inLanguage":"fr-FR"},{"@type":"Organization","@id":"https:\/\/urbanradar.io\/#organization","name":"Urban Radar","url":"https:\/\/urbanradar.io\/","logo":{"@type":"ImageObject","inLanguage":"fr-FR","@id":"https:\/\/urbanradar.io\/#\/schema\/logo\/image\/","url":"https:\/\/urbanradar.io\/wp-content\/uploads\/2022\/08\/logo_horizontal_main_dark.webp","contentUrl":"https:\/\/urbanradar.io\/wp-content\/uploads\/2022\/08\/logo_horizontal_main_dark.webp","width":1555,"height":540,"caption":"Urban Radar"},"image":{"@id":"https:\/\/urbanradar.io\/#\/schema\/logo\/image\/"},"sameAs":["https:\/\/x.com\/urbanradar_io","https:\/\/www.linkedin.com\/company\/urbanradar\/"]}]}},"_links":{"self":[{"href":"https:\/\/urbanradar.io\/fr\/wp-json\/wp\/v2\/pages\/535","targetHints":{"allow":["GET"]}}],"collection":[{"href":"https:\/\/urbanradar.io\/fr\/wp-json\/wp\/v2\/pages"}],"about":[{"href":"https:\/\/urbanradar.io\/fr\/wp-json\/wp\/v2\/types\/page"}],"author":[{"embeddable":true,"href":"https:\/\/urbanradar.io\/fr\/wp-json\/wp\/v2\/users\/2"}],"replies":[{"embeddable":true,"href":"https:\/\/urbanradar.io\/fr\/wp-json\/wp\/v2\/comments?post=535"}],"version-history":[{"count":13,"href":"https:\/\/urbanradar.io\/fr\/wp-json\/wp\/v2\/pages\/535\/revisions"}],"predecessor-version":[{"id":2767,"href":"https:\/\/urbanradar.io\/fr\/wp-json\/wp\/v2\/pages\/535\/revisions\/2767"}],"wp:attachment":[{"href":"https:\/\/urbanradar.io\/fr\/wp-json\/wp\/v2\/media?parent=535"}],"curies":[{"name":"wp","href":"https:\/\/api.w.org\/{rel}","templated":true}]}}