{"id":2045,"date":"2024-05-27T19:28:41","date_gmt":"2024-05-27T19:28:41","guid":{"rendered":"https:\/\/urbanradar.io\/\/?page_id=2045"},"modified":"2026-02-12T08:29:53","modified_gmt":"2026-02-12T08:29:53","slug":"sovereignty","status":"publish","type":"page","link":"https:\/\/urbanradar.io\/fr\/sovereignty\/","title":{"rendered":"Souverainet\u00e9"},"content":{"rendered":"<div data-elementor-type=\"wp-page\" data-elementor-id=\"2045\" class=\"elementor elementor-2045\">\n\t\t\t\t\t\t<section class=\"elementor-section elementor-top-section elementor-element elementor-element-14af60b1 elementor-section-stretched elementor-section-boxed elementor-section-height-default elementor-section-height-default\" data-id=\"14af60b1\" data-element_type=\"section\" data-e-type=\"section\" data-settings=\"{&quot;background_background&quot;:&quot;classic&quot;,&quot;stretch_section&quot;:&quot;section-stretched&quot;}\">\n\t\t\t\t\t\t<div class=\"elementor-container elementor-column-gap-default\">\n\t\t\t\t\t<div class=\"elementor-column elementor-col-50 elementor-top-column elementor-element elementor-element-1204448\" data-id=\"1204448\" data-element_type=\"column\" data-e-type=\"column\" data-settings=\"{&quot;background_background&quot;:&quot;classic&quot;}\">\n\t\t\t<div class=\"elementor-widget-wrap elementor-element-populated\">\n\t\t\t\t\t\t<div class=\"elementor-element elementor-element-4a18ceb9 elementor-widget elementor-widget-heading\" data-id=\"4a18ceb9\" data-element_type=\"widget\" data-e-type=\"widget\" data-widget_type=\"heading.default\">\n\t\t\t\t<div class=\"elementor-widget-container\">\n\t\t\t\t\t<h1 class=\"elementor-heading-title elementor-size-default\">Souverainet\u00e9<\/h1>\t\t\t\t<\/div>\n\t\t\t\t<\/div>\n\t\t\t\t<div class=\"elementor-element elementor-element-f27f644 elementor-widget elementor-widget-heading\" data-id=\"f27f644\" data-element_type=\"widget\" data-e-type=\"widget\" data-widget_type=\"heading.default\">\n\t\t\t\t<div class=\"elementor-widget-container\">\n\t\t\t\t\t<span class=\"elementor-heading-title elementor-size-default\">Cloud souverain et certifi\u00e9 : s\u00e9curit\u00e9 europ\u00e9enne<\/span>\t\t\t\t<\/div>\n\t\t\t\t<\/div>\n\t\t\t\t<div class=\"elementor-element elementor-element-6df0bb0 elementor-widget elementor-widget-text-editor\" data-id=\"6df0bb0\" data-element_type=\"widget\" data-e-type=\"widget\" data-widget_type=\"text-editor.default\">\n\t\t\t\t<div class=\"elementor-widget-container\">\n\t\t\t\t\t\t\t\t\t<p><span style=\"background-color: var(--ast-global-color-5);\">Notre cloud provider actuel est Google Europe et la base de donn\u00e9es MongoDB Europe. Les deux sont conformes aux normes nationales ISO 27001. Thales et Google op\u00e8rent le cloud souverain fran\u00e7ais S3NS ayant re\u00e7u la certification la plus haute europ\u00e9enne du SecNumCloud par ANSSI<\/span>.<\/p>\t\t\t\t\t\t\t\t<\/div>\n\t\t\t\t<\/div>\n\t\t\t\t\t<\/div>\n\t\t<\/div>\n\t\t\t\t<div class=\"elementor-column elementor-col-50 elementor-top-column elementor-element elementor-element-6c08470d\" data-id=\"6c08470d\" data-element_type=\"column\" data-e-type=\"column\">\n\t\t\t<div class=\"elementor-widget-wrap elementor-element-populated\">\n\t\t\t\t\t\t<div class=\"elementor-element elementor-element-267e69 elementor-hidden-mobile elementor-absolute elementor-widget elementor-widget-image\" data-id=\"267e69\" data-element_type=\"widget\" data-e-type=\"widget\" data-settings=\"{&quot;_position&quot;:&quot;absolute&quot;}\" data-widget_type=\"image.default\">\n\t\t\t\t<div class=\"elementor-widget-container\">\n\t\t\t\t\t\t\t\t\t\t\t\t\t\t\t<img decoding=\"async\" src=\"https:\/\/urbanradar.io\/wp-content\/uploads\/2024\/05\/souverainete.png\" title=\"souverainete\" alt=\"souverainete\" loading=\"lazy\" \/>\t\t\t\t\t\t\t\t\t\t\t\t\t\t\t<\/div>\n\t\t\t\t<\/div>\n\t\t\t\t\t<\/div>\n\t\t<\/div>\n\t\t\t\t\t<\/div>\n\t\t<\/section>\n\t\t\t\t<section class=\"elementor-section elementor-top-section elementor-element elementor-element-1757bcd4 elementor-section-boxed elementor-section-height-default elementor-section-height-default\" data-id=\"1757bcd4\" data-element_type=\"section\" data-e-type=\"section\" data-settings=\"{&quot;background_background&quot;:&quot;classic&quot;}\">\n\t\t\t\t\t\t<div class=\"elementor-container elementor-column-gap-default\">\n\t\t\t\t\t<div class=\"elementor-column elementor-col-100 elementor-top-column elementor-element elementor-element-5a064fc9\" data-id=\"5a064fc9\" data-element_type=\"column\" data-e-type=\"column\" data-settings=\"{&quot;background_background&quot;:&quot;classic&quot;}\">\n\t\t\t<div class=\"elementor-widget-wrap elementor-element-populated\">\n\t\t\t\t\t\t<section class=\"elementor-section elementor-inner-section elementor-element elementor-element-3974c869 elementor-section-content-middle elementor-section-height-min-height elementor-section-boxed elementor-section-height-default\" data-id=\"3974c869\" data-element_type=\"section\" data-e-type=\"section\" data-settings=\"{&quot;background_background&quot;:&quot;classic&quot;}\">\n\t\t\t\t\t\t\t<div class=\"elementor-background-overlay\"><\/div>\n\t\t\t\t\t\t\t<div class=\"elementor-container elementor-column-gap-default\">\n\t\t\t\t\t<div class=\"elementor-column elementor-col-100 elementor-inner-column elementor-element elementor-element-5b618121\" data-id=\"5b618121\" data-element_type=\"column\" data-e-type=\"column\" data-settings=\"{&quot;background_background&quot;:&quot;classic&quot;}\">\n\t\t\t<div class=\"elementor-widget-wrap elementor-element-populated\">\n\t\t\t\t\t\t<div class=\"elementor-element elementor-element-3079ac4c elementor-widget elementor-widget-heading\" data-id=\"3079ac4c\" data-element_type=\"widget\" data-e-type=\"widget\" data-widget_type=\"heading.default\">\n\t\t\t\t<div class=\"elementor-widget-container\">\n\t\t\t\t\t<h3 class=\"elementor-heading-title elementor-size-default\">\u00cates-vous pr\u00eat \u00e0 vous lancer ? <\/h3>\t\t\t\t<\/div>\n\t\t\t\t<\/div>\n\t\t\t\t<div class=\"elementor-element elementor-element-3cbf72ab elementor-widget elementor-widget-heading\" data-id=\"3cbf72ab\" data-element_type=\"widget\" data-e-type=\"widget\" data-widget_type=\"heading.default\">\n\t\t\t\t<div class=\"elementor-widget-container\">\n\t\t\t\t\t<h3 class=\"elementor-heading-title elementor-size-default\">Discutons de votre challenge\/projet<\/h3>\t\t\t\t<\/div>\n\t\t\t\t<\/div>\n\t\t\t\t\t<\/div>\n\t\t<\/div>\n\t\t\t\t\t<\/div>\n\t\t<\/section>\n\t\t\t\t<section class=\"elementor-section elementor-inner-section elementor-element elementor-element-589f0d7c elementor-section-content-middle elementor-section-boxed elementor-section-height-default elementor-section-height-default\" data-id=\"589f0d7c\" data-element_type=\"section\" data-e-type=\"section\" data-settings=\"{&quot;background_background&quot;:&quot;classic&quot;}\">\n\t\t\t\t\t\t<div class=\"elementor-container elementor-column-gap-default\">\n\t\t\t\t\t<div class=\"elementor-column elementor-col-100 elementor-inner-column elementor-element elementor-element-439c46e9\" data-id=\"439c46e9\" data-element_type=\"column\" data-e-type=\"column\">\n\t\t\t<div class=\"elementor-widget-wrap elementor-element-populated\">\n\t\t\t\t\t\t<div class=\"elementor-element elementor-element-2573f400 elementor-mobile-align-center elementor-widget__width-auto elementor-widget-tablet__width-auto elementor-widget elementor-widget-button\" data-id=\"2573f400\" data-element_type=\"widget\" data-e-type=\"widget\" data-widget_type=\"button.default\">\n\t\t\t\t<div class=\"elementor-widget-container\">\n\t\t\t\t\t\t\t\t\t<div class=\"elementor-button-wrapper\">\n\t\t\t\t\t<a class=\"elementor-button elementor-button-link elementor-size-xs\" href=\"https:\/\/calendly.com\/mathias-marmieysse-urbanradar\">\n\t\t\t\t\t\t<span class=\"elementor-button-content-wrapper\">\n\t\t\t\t\t\t\t\t\t<span class=\"elementor-button-text\">R\u00c9SERVEZ UNE D\u00c9MO<\/span>\n\t\t\t\t\t<\/span>\n\t\t\t\t\t<\/a>\n\t\t\t\t<\/div>\n\t\t\t\t\t\t\t\t<\/div>\n\t\t\t\t<\/div>\n\t\t\t\t\t<\/div>\n\t\t<\/div>\n\t\t\t\t\t<\/div>\n\t\t<\/section>\n\t\t\t\t\t<\/div>\n\t\t<\/div>\n\t\t\t\t\t<\/div>\n\t\t<\/section>\n\t\t\t\t<\/div>","protected":false},"excerpt":{"rendered":"<p>Sovereignty Sovereign and Certified Cloud: European Security Our current cloud provider is Google Europe and the MongoDB Europe database. Both comply with national ISO 27001 standards. Thales and Google operate the French sovereign cloud S3NS having received the highest European certification of SecNumCloud by ANSSI. ready to get started ? Reach out and find how [&hellip;]<\/p>\n","protected":false},"author":5,"featured_media":0,"parent":0,"menu_order":0,"comment_status":"closed","ping_status":"closed","template":"","meta":{"site-sidebar-layout":"no-sidebar","site-content-layout":"page-builder","ast-site-content-layout":"full-width-container","site-content-style":"unboxed","site-sidebar-style":"unboxed","ast-global-header-display":"","ast-banner-title-visibility":"","ast-main-header-display":"","ast-hfb-above-header-display":"","ast-hfb-below-header-display":"","ast-hfb-mobile-header-display":"","site-post-title":"disabled","ast-breadcrumbs-content":"","ast-featured-img":"disabled","footer-sml-layout":"","theme-transparent-header-meta":"","adv-header-id-meta":"","stick-header-meta":"","header-above-stick-meta":"","header-main-stick-meta":"","header-below-stick-meta":"","astra-migrate-meta-layouts":"set","ast-page-background-enabled":"default","ast-page-background-meta":{"desktop":{"background-color":"var(--ast-global-color-4)","background-image":"","background-repeat":"repeat","background-position":"center center","background-size":"auto","background-attachment":"scroll","background-type":"","background-media":"","overlay-type":"","overlay-color":"","overlay-opacity":"","overlay-gradient":""},"tablet":{"background-color":"","background-image":"","background-repeat":"repeat","background-position":"center center","background-size":"auto","background-attachment":"scroll","background-type":"","background-media":"","overlay-type":"","overlay-color":"","overlay-opacity":"","overlay-gradient":""},"mobile":{"background-color":"","background-image":"","background-repeat":"repeat","background-position":"center center","background-size":"auto","background-attachment":"scroll","background-type":"","background-media":"","overlay-type":"","overlay-color":"","overlay-opacity":"","overlay-gradient":""}},"ast-content-background-meta":{"desktop":{"background-color":"var(--ast-global-color-5)","background-image":"","background-repeat":"repeat","background-position":"center center","background-size":"auto","background-attachment":"scroll","background-type":"","background-media":"","overlay-type":"","overlay-color":"","overlay-opacity":"","overlay-gradient":""},"tablet":{"background-color":"var(--ast-global-color-5)","background-image":"","background-repeat":"repeat","background-position":"center center","background-size":"auto","background-attachment":"scroll","background-type":"","background-media":"","overlay-type":"","overlay-color":"","overlay-opacity":"","overlay-gradient":""},"mobile":{"background-color":"var(--ast-global-color-5)","background-image":"","background-repeat":"repeat","background-position":"center center","background-size":"auto","background-attachment":"scroll","background-type":"","background-media":"","overlay-type":"","overlay-color":"","overlay-opacity":"","overlay-gradient":""}},"footnotes":""},"class_list":["post-2045","page","type-page","status-publish","hentry"],"yoast_head":"<!-- This site is optimized with the Yoast SEO plugin v27.2 - https:\/\/yoast.com\/product\/yoast-seo-wordpress\/ -->\n<title>Sovereignty - Urban Radar<\/title>\n<meta name=\"description\" content=\"Urban data sovereignty: we ensure local ownership, compliance and control of spatial analytics tools for governments and agencies\" \/>\n<meta name=\"robots\" content=\"index, follow, max-snippet:-1, max-image-preview:large, max-video-preview:-1\" \/>\n<link rel=\"canonical\" href=\"https:\/\/urbanradar.io\/fr\/sovereignty\/\" \/>\n<meta property=\"og:locale\" content=\"fr_FR\" \/>\n<meta property=\"og:type\" content=\"article\" \/>\n<meta property=\"og:title\" content=\"Sovereignty - Urban Radar\" \/>\n<meta property=\"og:description\" content=\"Urban data sovereignty: we ensure local ownership, compliance and control of spatial analytics tools for governments and agencies\" \/>\n<meta property=\"og:url\" content=\"https:\/\/urbanradar.io\/fr\/sovereignty\/\" \/>\n<meta property=\"og:site_name\" content=\"Urban Radar\" \/>\n<meta property=\"article:modified_time\" content=\"2026-02-12T08:29:53+00:00\" \/>\n<meta property=\"og:image\" content=\"https:\/\/urbanradar.io\/wp-content\/uploads\/2024\/05\/souverainete.png\" \/>\n<meta name=\"twitter:card\" content=\"summary_large_image\" \/>\n<meta name=\"twitter:site\" content=\"@urbanradar_io\" \/>\n<meta name=\"twitter:label1\" content=\"Dur\u00e9e de lecture estim\u00e9e\" \/>\n\t<meta name=\"twitter:data1\" content=\"1 minute\" \/>\n<script type=\"application\/ld+json\" class=\"yoast-schema-graph\">{\"@context\":\"https:\/\/schema.org\",\"@graph\":[{\"@type\":\"WebPage\",\"@id\":\"https:\/\/urbanradar.io\/fr\/sovereignty\/\",\"url\":\"https:\/\/urbanradar.io\/fr\/sovereignty\/\",\"name\":\"Sovereignty - Urban Radar\",\"isPartOf\":{\"@id\":\"https:\/\/urbanradar.io\/#website\"},\"primaryImageOfPage\":{\"@id\":\"https:\/\/urbanradar.io\/fr\/sovereignty\/#primaryimage\"},\"image\":{\"@id\":\"https:\/\/urbanradar.io\/fr\/sovereignty\/#primaryimage\"},\"thumbnailUrl\":\"https:\/\/urbanradar.io\/wp-content\/uploads\/2024\/05\/souverainete.png\",\"datePublished\":\"2024-05-27T19:28:41+00:00\",\"dateModified\":\"2026-02-12T08:29:53+00:00\",\"description\":\"Urban data sovereignty: we ensure local ownership, compliance and control of spatial analytics tools for governments and agencies\",\"breadcrumb\":{\"@id\":\"https:\/\/urbanradar.io\/fr\/sovereignty\/#breadcrumb\"},\"inLanguage\":\"fr-FR\",\"potentialAction\":[{\"@type\":\"ReadAction\",\"target\":[\"https:\/\/urbanradar.io\/fr\/sovereignty\/\"]}]},{\"@type\":\"ImageObject\",\"inLanguage\":\"fr-FR\",\"@id\":\"https:\/\/urbanradar.io\/fr\/sovereignty\/#primaryimage\",\"url\":\"https:\/\/urbanradar.io\/wp-content\/uploads\/2024\/05\/souverainete.png\",\"contentUrl\":\"https:\/\/urbanradar.io\/wp-content\/uploads\/2024\/05\/souverainete.png\"},{\"@type\":\"BreadcrumbList\",\"@id\":\"https:\/\/urbanradar.io\/fr\/sovereignty\/#breadcrumb\",\"itemListElement\":[{\"@type\":\"ListItem\",\"position\":1,\"name\":\"Home\",\"item\":\"https:\/\/urbanradar.io\/fr\/\"},{\"@type\":\"ListItem\",\"position\":2,\"name\":\"Sovereignty\"}]},{\"@type\":\"WebSite\",\"@id\":\"https:\/\/urbanradar.io\/#website\",\"url\":\"https:\/\/urbanradar.io\/\",\"name\":\"Urban Radar\",\"description\":\"Spatial analytics for smart cities\",\"publisher\":{\"@id\":\"https:\/\/urbanradar.io\/#organization\"},\"potentialAction\":[{\"@type\":\"SearchAction\",\"target\":{\"@type\":\"EntryPoint\",\"urlTemplate\":\"https:\/\/urbanradar.io\/?s={search_term_string}\"},\"query-input\":{\"@type\":\"PropertyValueSpecification\",\"valueRequired\":true,\"valueName\":\"search_term_string\"}}],\"inLanguage\":\"fr-FR\"},{\"@type\":\"Organization\",\"@id\":\"https:\/\/urbanradar.io\/#organization\",\"name\":\"Urban Radar\",\"url\":\"https:\/\/urbanradar.io\/\",\"logo\":{\"@type\":\"ImageObject\",\"inLanguage\":\"fr-FR\",\"@id\":\"https:\/\/urbanradar.io\/#\/schema\/logo\/image\/\",\"url\":\"https:\/\/urbanradar.io\/wp-content\/uploads\/2022\/08\/logo_horizontal_main_dark.webp\",\"contentUrl\":\"https:\/\/urbanradar.io\/wp-content\/uploads\/2022\/08\/logo_horizontal_main_dark.webp\",\"width\":1555,\"height\":540,\"caption\":\"Urban Radar\"},\"image\":{\"@id\":\"https:\/\/urbanradar.io\/#\/schema\/logo\/image\/\"},\"sameAs\":[\"https:\/\/x.com\/urbanradar_io\",\"https:\/\/www.linkedin.com\/company\/urbanradar\/\"]}]}<\/script>\n<!-- \/ Yoast SEO plugin. -->","yoast_head_json":{"title":"Sovereignty - Urban Radar","description":"Urban data sovereignty: we ensure local ownership, compliance and control of spatial analytics tools for governments and agencies","robots":{"index":"index","follow":"follow","max-snippet":"max-snippet:-1","max-image-preview":"max-image-preview:large","max-video-preview":"max-video-preview:-1"},"canonical":"https:\/\/urbanradar.io\/fr\/sovereignty\/","og_locale":"fr_FR","og_type":"article","og_title":"Sovereignty - Urban Radar","og_description":"Urban data sovereignty: we ensure local ownership, compliance and control of spatial analytics tools for governments and agencies","og_url":"https:\/\/urbanradar.io\/fr\/sovereignty\/","og_site_name":"Urban Radar","article_modified_time":"2026-02-12T08:29:53+00:00","og_image":[{"url":"https:\/\/urbanradar.io\/wp-content\/uploads\/2024\/05\/souverainete.png","type":"","width":"","height":""}],"twitter_card":"summary_large_image","twitter_site":"@urbanradar_io","twitter_misc":{"Dur\u00e9e de lecture estim\u00e9e":"1 minute"},"schema":{"@context":"https:\/\/schema.org","@graph":[{"@type":"WebPage","@id":"https:\/\/urbanradar.io\/fr\/sovereignty\/","url":"https:\/\/urbanradar.io\/fr\/sovereignty\/","name":"Sovereignty - Urban Radar","isPartOf":{"@id":"https:\/\/urbanradar.io\/#website"},"primaryImageOfPage":{"@id":"https:\/\/urbanradar.io\/fr\/sovereignty\/#primaryimage"},"image":{"@id":"https:\/\/urbanradar.io\/fr\/sovereignty\/#primaryimage"},"thumbnailUrl":"https:\/\/urbanradar.io\/wp-content\/uploads\/2024\/05\/souverainete.png","datePublished":"2024-05-27T19:28:41+00:00","dateModified":"2026-02-12T08:29:53+00:00","description":"Urban data sovereignty: we ensure local ownership, compliance and control of spatial analytics tools for governments and agencies","breadcrumb":{"@id":"https:\/\/urbanradar.io\/fr\/sovereignty\/#breadcrumb"},"inLanguage":"fr-FR","potentialAction":[{"@type":"ReadAction","target":["https:\/\/urbanradar.io\/fr\/sovereignty\/"]}]},{"@type":"ImageObject","inLanguage":"fr-FR","@id":"https:\/\/urbanradar.io\/fr\/sovereignty\/#primaryimage","url":"https:\/\/urbanradar.io\/wp-content\/uploads\/2024\/05\/souverainete.png","contentUrl":"https:\/\/urbanradar.io\/wp-content\/uploads\/2024\/05\/souverainete.png"},{"@type":"BreadcrumbList","@id":"https:\/\/urbanradar.io\/fr\/sovereignty\/#breadcrumb","itemListElement":[{"@type":"ListItem","position":1,"name":"Home","item":"https:\/\/urbanradar.io\/fr\/"},{"@type":"ListItem","position":2,"name":"Sovereignty"}]},{"@type":"WebSite","@id":"https:\/\/urbanradar.io\/#website","url":"https:\/\/urbanradar.io\/","name":"Urban Radar","description":"Votre territoire 4.0","publisher":{"@id":"https:\/\/urbanradar.io\/#organization"},"potentialAction":[{"@type":"SearchAction","target":{"@type":"EntryPoint","urlTemplate":"https:\/\/urbanradar.io\/?s={search_term_string}"},"query-input":{"@type":"PropertyValueSpecification","valueRequired":true,"valueName":"search_term_string"}}],"inLanguage":"fr-FR"},{"@type":"Organization","@id":"https:\/\/urbanradar.io\/#organization","name":"Urban Radar","url":"https:\/\/urbanradar.io\/","logo":{"@type":"ImageObject","inLanguage":"fr-FR","@id":"https:\/\/urbanradar.io\/#\/schema\/logo\/image\/","url":"https:\/\/urbanradar.io\/wp-content\/uploads\/2022\/08\/logo_horizontal_main_dark.webp","contentUrl":"https:\/\/urbanradar.io\/wp-content\/uploads\/2022\/08\/logo_horizontal_main_dark.webp","width":1555,"height":540,"caption":"Urban Radar"},"image":{"@id":"https:\/\/urbanradar.io\/#\/schema\/logo\/image\/"},"sameAs":["https:\/\/x.com\/urbanradar_io","https:\/\/www.linkedin.com\/company\/urbanradar\/"]}]}},"_links":{"self":[{"href":"https:\/\/urbanradar.io\/fr\/wp-json\/wp\/v2\/pages\/2045","targetHints":{"allow":["GET"]}}],"collection":[{"href":"https:\/\/urbanradar.io\/fr\/wp-json\/wp\/v2\/pages"}],"about":[{"href":"https:\/\/urbanradar.io\/fr\/wp-json\/wp\/v2\/types\/page"}],"author":[{"embeddable":true,"href":"https:\/\/urbanradar.io\/fr\/wp-json\/wp\/v2\/users\/5"}],"replies":[{"embeddable":true,"href":"https:\/\/urbanradar.io\/fr\/wp-json\/wp\/v2\/comments?post=2045"}],"version-history":[{"count":65,"href":"https:\/\/urbanradar.io\/fr\/wp-json\/wp\/v2\/pages\/2045\/revisions"}],"predecessor-version":[{"id":4059,"href":"https:\/\/urbanradar.io\/fr\/wp-json\/wp\/v2\/pages\/2045\/revisions\/4059"}],"wp:attachment":[{"href":"https:\/\/urbanradar.io\/fr\/wp-json\/wp\/v2\/media?parent=2045"}],"curies":[{"name":"wp","href":"https:\/\/api.w.org\/{rel}","templated":true}]}}