{"id":1814,"date":"2024-04-08T10:28:57","date_gmt":"2024-04-08T10:28:57","guid":{"rendered":"https:\/\/urbanradar.io\/\/?page_id=1814"},"modified":"2026-02-12T08:29:36","modified_gmt":"2026-02-12T08:29:36","slug":"services","status":"publish","type":"page","link":"https:\/\/urbanradar.io\/fr\/services\/","title":{"rendered":"Services"},"content":{"rendered":"<div data-elementor-type=\"wp-page\" data-elementor-id=\"1814\" class=\"elementor elementor-1814\">\n\t\t\t\t\t\t<section class=\"elementor-section elementor-top-section elementor-element elementor-element-14af60b1 elementor-section-stretched elementor-section-boxed elementor-section-height-default elementor-section-height-default\" data-id=\"14af60b1\" data-element_type=\"section\" data-e-type=\"section\" data-settings=\"{&quot;background_background&quot;:&quot;classic&quot;,&quot;stretch_section&quot;:&quot;section-stretched&quot;}\">\n\t\t\t\t\t\t<div class=\"elementor-container elementor-column-gap-default\">\n\t\t\t\t\t<div class=\"elementor-column elementor-col-50 elementor-top-column elementor-element elementor-element-1204448\" data-id=\"1204448\" data-element_type=\"column\" data-e-type=\"column\" data-settings=\"{&quot;background_background&quot;:&quot;classic&quot;}\">\n\t\t\t<div class=\"elementor-widget-wrap elementor-element-populated\">\n\t\t\t\t\t\t<div class=\"elementor-element elementor-element-4a18ceb9 elementor-widget elementor-widget-heading\" data-id=\"4a18ceb9\" data-element_type=\"widget\" data-e-type=\"widget\" data-widget_type=\"heading.default\">\n\t\t\t\t<div class=\"elementor-widget-container\">\n\t\t\t\t\t<h1 class=\"elementor-heading-title elementor-size-default\">Nos services<\/h1>\t\t\t\t<\/div>\n\t\t\t\t<\/div>\n\t\t\t\t<div class=\"elementor-element elementor-element-36df34b elementor-widget__width-initial elementor-widget elementor-widget-heading\" data-id=\"36df34b\" data-element_type=\"widget\" data-e-type=\"widget\" data-widget_type=\"heading.default\">\n\t\t\t\t<div class=\"elementor-widget-container\">\n\t\t\t\t\t<span class=\"elementor-heading-title elementor-size-default\">Acc\u00e9l\u00e9rez vos projets d'analyse spatiale<\/span>\t\t\t\t<\/div>\n\t\t\t\t<\/div>\n\t\t\t\t<div class=\"elementor-element elementor-element-f160727 elementor-widget elementor-widget-text-editor\" data-id=\"f160727\" data-element_type=\"widget\" data-e-type=\"widget\" data-widget_type=\"text-editor.default\">\n\t\t\t\t<div class=\"elementor-widget-container\">\n\t\t\t\t\t\t\t\t\t<p>Commencez \u00e0 utiliser nos services avec l'aide de notre \u00e9quipe d'experts en donn\u00e9es, g\u00e9ographie, informatique, design et ing\u00e9nierie. Notre \u00e9quipe de professionnels peut vous aider \u00e0 acc\u00e9l\u00e9rer vos projets d'analyse spatiale, quelle que soit leur taille ou leur complexit\u00e9. Nous pouvons \u00e9galement utiliser les outils avanc\u00e9s d'Urban Radar pour cr\u00e9er des applications personnalis\u00e9es sp\u00e9cialement pour vous.<\/p>\t\t\t\t\t\t\t\t<\/div>\n\t\t\t\t<\/div>\n\t\t\t\t<section class=\"elementor-section elementor-inner-section elementor-element elementor-element-5b35355a elementor-section-content-middle elementor-section-boxed elementor-section-height-default elementor-section-height-default\" data-id=\"5b35355a\" data-element_type=\"section\" data-e-type=\"section\" data-settings=\"{&quot;background_background&quot;:&quot;classic&quot;}\">\n\t\t\t\t\t\t<div class=\"elementor-container elementor-column-gap-default\">\n\t\t\t\t\t<div class=\"elementor-column elementor-col-100 elementor-inner-column elementor-element elementor-element-b695e3a\" data-id=\"b695e3a\" data-element_type=\"column\" data-e-type=\"column\">\n\t\t\t<div class=\"elementor-widget-wrap elementor-element-populated\">\n\t\t\t\t\t\t<div class=\"elementor-element elementor-element-299c11e5 elementor-mobile-align-center elementor-widget__width-auto elementor-widget-tablet__width-auto elementor-align-center elementor-widget elementor-widget-button\" data-id=\"299c11e5\" data-element_type=\"widget\" data-e-type=\"widget\" data-widget_type=\"button.default\">\n\t\t\t\t<div class=\"elementor-widget-container\">\n\t\t\t\t\t\t\t\t\t<div class=\"elementor-button-wrapper\">\n\t\t\t\t\t<a class=\"elementor-button elementor-button-link elementor-size-xs\" href=\"https:\/\/calendly.com\/mathias-marmieysse-urbanradar\">\n\t\t\t\t\t\t<span class=\"elementor-button-content-wrapper\">\n\t\t\t\t\t\t\t\t\t<span class=\"elementor-button-text\">Dites nous en plus sur votre projet<\/span>\n\t\t\t\t\t<\/span>\n\t\t\t\t\t<\/a>\n\t\t\t\t<\/div>\n\t\t\t\t\t\t\t\t<\/div>\n\t\t\t\t<\/div>\n\t\t\t\t\t<\/div>\n\t\t<\/div>\n\t\t\t\t\t<\/div>\n\t\t<\/section>\n\t\t\t\t\t<\/div>\n\t\t<\/div>\n\t\t\t\t<div class=\"elementor-column elementor-col-50 elementor-top-column elementor-element elementor-element-6c08470d\" data-id=\"6c08470d\" data-element_type=\"column\" data-e-type=\"column\">\n\t\t\t<div class=\"elementor-widget-wrap elementor-element-populated\">\n\t\t\t\t\t\t<div class=\"elementor-element elementor-element-267e69 elementor-hidden-mobile elementor-absolute elementor-widget elementor-widget-image\" data-id=\"267e69\" data-element_type=\"widget\" data-e-type=\"widget\" data-settings=\"{&quot;_position&quot;:&quot;absolute&quot;}\" data-widget_type=\"image.default\">\n\t\t\t\t<div class=\"elementor-widget-container\">\n\t\t\t\t\t\t\t\t\t\t\t\t\t\t\t<img decoding=\"async\" src=\"https:\/\/urbanradar.io\/wp-content\/uploads\/2024\/05\/image-7.png\" title=\"Woman with o board\" alt=\"Woman with o board\" loading=\"lazy\" \/>\t\t\t\t\t\t\t\t\t\t\t\t\t\t\t<\/div>\n\t\t\t\t<\/div>\n\t\t\t\t\t<\/div>\n\t\t<\/div>\n\t\t\t\t\t<\/div>\n\t\t<\/section>\n\t\t\t\t<section class=\"elementor-section elementor-top-section elementor-element elementor-element-1757bcd4 elementor-section-boxed elementor-section-height-default elementor-section-height-default\" data-id=\"1757bcd4\" data-element_type=\"section\" data-e-type=\"section\" data-settings=\"{&quot;background_background&quot;:&quot;classic&quot;}\">\n\t\t\t\t\t\t<div class=\"elementor-container elementor-column-gap-default\">\n\t\t\t\t\t<div class=\"elementor-column elementor-col-100 elementor-top-column elementor-element elementor-element-5a064fc9\" data-id=\"5a064fc9\" data-element_type=\"column\" data-e-type=\"column\" data-settings=\"{&quot;background_background&quot;:&quot;classic&quot;}\">\n\t\t\t<div class=\"elementor-widget-wrap elementor-element-populated\">\n\t\t\t\t\t\t<section class=\"elementor-section elementor-inner-section elementor-element elementor-element-3974c869 elementor-section-content-middle elementor-section-height-min-height elementor-section-boxed elementor-section-height-default\" data-id=\"3974c869\" data-element_type=\"section\" data-e-type=\"section\" data-settings=\"{&quot;background_background&quot;:&quot;classic&quot;}\">\n\t\t\t\t\t\t\t<div class=\"elementor-background-overlay\"><\/div>\n\t\t\t\t\t\t\t<div class=\"elementor-container elementor-column-gap-default\">\n\t\t\t\t\t<div class=\"elementor-column elementor-col-100 elementor-inner-column elementor-element elementor-element-5b618121\" data-id=\"5b618121\" data-element_type=\"column\" data-e-type=\"column\" data-settings=\"{&quot;background_background&quot;:&quot;classic&quot;}\">\n\t\t\t<div class=\"elementor-widget-wrap elementor-element-populated\">\n\t\t\t\t\t\t<div class=\"elementor-element elementor-element-3079ac4c elementor-widget elementor-widget-heading\" data-id=\"3079ac4c\" data-element_type=\"widget\" data-e-type=\"widget\" data-widget_type=\"heading.default\">\n\t\t\t\t<div class=\"elementor-widget-container\">\n\t\t\t\t\t<h2 class=\"elementor-heading-title elementor-size-default\">\u00cates-vous pr\u00eat \u00e0 vous lancer ? <\/h2>\t\t\t\t<\/div>\n\t\t\t\t<\/div>\n\t\t\t\t<div class=\"elementor-element elementor-element-3cbf72ab elementor-widget elementor-widget-heading\" data-id=\"3cbf72ab\" data-element_type=\"widget\" data-e-type=\"widget\" data-widget_type=\"heading.default\">\n\t\t\t\t<div class=\"elementor-widget-container\">\n\t\t\t\t\t<h2 class=\"elementor-heading-title elementor-size-default\">Discutons de votre challenge\/projet<\/h2>\t\t\t\t<\/div>\n\t\t\t\t<\/div>\n\t\t\t\t\t<\/div>\n\t\t<\/div>\n\t\t\t\t\t<\/div>\n\t\t<\/section>\n\t\t\t\t<section class=\"elementor-section elementor-inner-section elementor-element elementor-element-589f0d7c elementor-section-content-middle elementor-section-boxed elementor-section-height-default elementor-section-height-default\" data-id=\"589f0d7c\" data-element_type=\"section\" data-e-type=\"section\" data-settings=\"{&quot;background_background&quot;:&quot;classic&quot;}\">\n\t\t\t\t\t\t<div class=\"elementor-container elementor-column-gap-default\">\n\t\t\t\t\t<div class=\"elementor-column elementor-col-100 elementor-inner-column elementor-element elementor-element-439c46e9\" data-id=\"439c46e9\" data-element_type=\"column\" data-e-type=\"column\">\n\t\t\t<div class=\"elementor-widget-wrap elementor-element-populated\">\n\t\t\t\t\t\t<div class=\"elementor-element elementor-element-2573f400 elementor-mobile-align-center elementor-widget__width-auto elementor-widget-tablet__width-auto elementor-widget elementor-widget-button\" data-id=\"2573f400\" data-element_type=\"widget\" data-e-type=\"widget\" data-widget_type=\"button.default\">\n\t\t\t\t<div class=\"elementor-widget-container\">\n\t\t\t\t\t\t\t\t\t<div class=\"elementor-button-wrapper\">\n\t\t\t\t\t<a class=\"elementor-button elementor-button-link elementor-size-xs\" href=\"https:\/\/calendly.com\/mathias-marmieysse-urbanradar\">\n\t\t\t\t\t\t<span class=\"elementor-button-content-wrapper\">\n\t\t\t\t\t\t\t\t\t<span class=\"elementor-button-text\">R\u00c9SERVEZ UNE D\u00c9MO<\/span>\n\t\t\t\t\t<\/span>\n\t\t\t\t\t<\/a>\n\t\t\t\t<\/div>\n\t\t\t\t\t\t\t\t<\/div>\n\t\t\t\t<\/div>\n\t\t\t\t\t<\/div>\n\t\t<\/div>\n\t\t\t\t\t<\/div>\n\t\t<\/section>\n\t\t\t\t\t<\/div>\n\t\t<\/div>\n\t\t\t\t\t<\/div>\n\t\t<\/section>\n\t\t\t\t<section class=\"elementor-section elementor-top-section elementor-element elementor-element-49a2a01 elementor-section-boxed elementor-section-height-default elementor-section-height-default\" data-id=\"49a2a01\" data-element_type=\"section\" data-e-type=\"section\">\n\t\t\t\t\t\t<div class=\"elementor-container elementor-column-gap-default\">\n\t\t\t\t\t<div class=\"elementor-column elementor-col-100 elementor-top-column elementor-element elementor-element-a630033\" data-id=\"a630033\" data-element_type=\"column\" data-e-type=\"column\">\n\t\t\t<div class=\"elementor-widget-wrap\">\n\t\t\t\t\t\t\t<\/div>\n\t\t<\/div>\n\t\t\t\t\t<\/div>\n\t\t<\/section>\n\t\t\t\t<\/div>","protected":false},"excerpt":{"rendered":"<p>OUR SErvices Get ahead start On using our services with help from our team of experts in data, geography, computers, design, and engineering our professional services team can help speed up your important spatial analytics projects, no matter how big or complex they are. we can also use urban radar&#8217;s advanced tools to create custom [&hellip;]<\/p>\n","protected":false},"author":5,"featured_media":0,"parent":0,"menu_order":0,"comment_status":"closed","ping_status":"closed","template":"","meta":{"site-sidebar-layout":"no-sidebar","site-content-layout":"page-builder","ast-site-content-layout":"full-width-container","site-content-style":"unboxed","site-sidebar-style":"unboxed","ast-global-header-display":"","ast-banner-title-visibility":"","ast-main-header-display":"","ast-hfb-above-header-display":"","ast-hfb-below-header-display":"","ast-hfb-mobile-header-display":"","site-post-title":"disabled","ast-breadcrumbs-content":"","ast-featured-img":"disabled","footer-sml-layout":"","theme-transparent-header-meta":"","adv-header-id-meta":"","stick-header-meta":"","header-above-stick-meta":"","header-main-stick-meta":"","header-below-stick-meta":"","astra-migrate-meta-layouts":"set","ast-page-background-enabled":"default","ast-page-background-meta":{"desktop":{"background-color":"var(--ast-global-color-4)","background-image":"","background-repeat":"repeat","background-position":"center center","background-size":"auto","background-attachment":"scroll","background-type":"","background-media":"","overlay-type":"","overlay-color":"","overlay-opacity":"","overlay-gradient":""},"tablet":{"background-color":"","background-image":"","background-repeat":"repeat","background-position":"center center","background-size":"auto","background-attachment":"scroll","background-type":"","background-media":"","overlay-type":"","overlay-color":"","overlay-opacity":"","overlay-gradient":""},"mobile":{"background-color":"","background-image":"","background-repeat":"repeat","background-position":"center center","background-size":"auto","background-attachment":"scroll","background-type":"","background-media":"","overlay-type":"","overlay-color":"","overlay-opacity":"","overlay-gradient":""}},"ast-content-background-meta":{"desktop":{"background-color":"var(--ast-global-color-5)","background-image":"","background-repeat":"repeat","background-position":"center center","background-size":"auto","background-attachment":"scroll","background-type":"","background-media":"","overlay-type":"","overlay-color":"","overlay-opacity":"","overlay-gradient":""},"tablet":{"background-color":"var(--ast-global-color-5)","background-image":"","background-repeat":"repeat","background-position":"center center","background-size":"auto","background-attachment":"scroll","background-type":"","background-media":"","overlay-type":"","overlay-color":"","overlay-opacity":"","overlay-gradient":""},"mobile":{"background-color":"var(--ast-global-color-5)","background-image":"","background-repeat":"repeat","background-position":"center center","background-size":"auto","background-attachment":"scroll","background-type":"","background-media":"","overlay-type":"","overlay-color":"","overlay-opacity":"","overlay-gradient":""}},"footnotes":""},"class_list":["post-1814","page","type-page","status-publish","hentry"],"yoast_head":"<!-- This site is optimized with the Yoast SEO plugin v27.2 - https:\/\/yoast.com\/product\/yoast-seo-wordpress\/ -->\n<title>Services - Urban Radar<\/title>\n<meta name=\"description\" content=\"Explore Urban Radar services: spatial analytics, custom dashboards, APIs &amp; mapping solutions tailored for smart mobility and city planners\" \/>\n<meta name=\"robots\" content=\"index, follow, max-snippet:-1, max-image-preview:large, max-video-preview:-1\" \/>\n<link rel=\"canonical\" href=\"https:\/\/urbanradar.io\/fr\/services\/\" \/>\n<meta property=\"og:locale\" content=\"fr_FR\" \/>\n<meta property=\"og:type\" content=\"article\" \/>\n<meta property=\"og:title\" content=\"Services - Urban Radar\" \/>\n<meta property=\"og:description\" content=\"Explore Urban Radar services: spatial analytics, custom dashboards, APIs &amp; mapping solutions tailored for smart mobility and city planners\" \/>\n<meta property=\"og:url\" content=\"https:\/\/urbanradar.io\/fr\/services\/\" \/>\n<meta property=\"og:site_name\" content=\"Urban Radar\" \/>\n<meta property=\"article:modified_time\" content=\"2026-02-12T08:29:36+00:00\" \/>\n<meta property=\"og:image\" content=\"https:\/\/urbanradar.io\/wp-content\/uploads\/2024\/05\/image-7.png\" \/>\n<meta name=\"twitter:card\" content=\"summary_large_image\" \/>\n<meta name=\"twitter:site\" content=\"@urbanradar_io\" \/>\n<meta name=\"twitter:label1\" content=\"Dur\u00e9e de lecture estim\u00e9e\" \/>\n\t<meta name=\"twitter:data1\" content=\"1 minute\" \/>\n<script type=\"application\/ld+json\" class=\"yoast-schema-graph\">{\"@context\":\"https:\/\/schema.org\",\"@graph\":[{\"@type\":\"WebPage\",\"@id\":\"https:\/\/urbanradar.io\/fr\/services\/\",\"url\":\"https:\/\/urbanradar.io\/fr\/services\/\",\"name\":\"Services - Urban Radar\",\"isPartOf\":{\"@id\":\"https:\/\/urbanradar.io\/#website\"},\"primaryImageOfPage\":{\"@id\":\"https:\/\/urbanradar.io\/fr\/services\/#primaryimage\"},\"image\":{\"@id\":\"https:\/\/urbanradar.io\/fr\/services\/#primaryimage\"},\"thumbnailUrl\":\"https:\/\/urbanradar.io\/wp-content\/uploads\/2024\/05\/image-7.png\",\"datePublished\":\"2024-04-08T10:28:57+00:00\",\"dateModified\":\"2026-02-12T08:29:36+00:00\",\"description\":\"Explore Urban Radar services: spatial analytics, custom dashboards, APIs & mapping solutions tailored for smart mobility and city planners\",\"breadcrumb\":{\"@id\":\"https:\/\/urbanradar.io\/fr\/services\/#breadcrumb\"},\"inLanguage\":\"fr-FR\",\"potentialAction\":[{\"@type\":\"ReadAction\",\"target\":[\"https:\/\/urbanradar.io\/fr\/services\/\"]}]},{\"@type\":\"ImageObject\",\"inLanguage\":\"fr-FR\",\"@id\":\"https:\/\/urbanradar.io\/fr\/services\/#primaryimage\",\"url\":\"https:\/\/urbanradar.io\/wp-content\/uploads\/2024\/05\/image-7.png\",\"contentUrl\":\"https:\/\/urbanradar.io\/wp-content\/uploads\/2024\/05\/image-7.png\"},{\"@type\":\"BreadcrumbList\",\"@id\":\"https:\/\/urbanradar.io\/fr\/services\/#breadcrumb\",\"itemListElement\":[{\"@type\":\"ListItem\",\"position\":1,\"name\":\"Home\",\"item\":\"https:\/\/urbanradar.io\/fr\/\"},{\"@type\":\"ListItem\",\"position\":2,\"name\":\"Services\"}]},{\"@type\":\"WebSite\",\"@id\":\"https:\/\/urbanradar.io\/#website\",\"url\":\"https:\/\/urbanradar.io\/\",\"name\":\"Urban Radar\",\"description\":\"Spatial analytics for smart cities\",\"publisher\":{\"@id\":\"https:\/\/urbanradar.io\/#organization\"},\"potentialAction\":[{\"@type\":\"SearchAction\",\"target\":{\"@type\":\"EntryPoint\",\"urlTemplate\":\"https:\/\/urbanradar.io\/?s={search_term_string}\"},\"query-input\":{\"@type\":\"PropertyValueSpecification\",\"valueRequired\":true,\"valueName\":\"search_term_string\"}}],\"inLanguage\":\"fr-FR\"},{\"@type\":\"Organization\",\"@id\":\"https:\/\/urbanradar.io\/#organization\",\"name\":\"Urban Radar\",\"url\":\"https:\/\/urbanradar.io\/\",\"logo\":{\"@type\":\"ImageObject\",\"inLanguage\":\"fr-FR\",\"@id\":\"https:\/\/urbanradar.io\/#\/schema\/logo\/image\/\",\"url\":\"https:\/\/urbanradar.io\/wp-content\/uploads\/2022\/08\/logo_horizontal_main_dark.webp\",\"contentUrl\":\"https:\/\/urbanradar.io\/wp-content\/uploads\/2022\/08\/logo_horizontal_main_dark.webp\",\"width\":1555,\"height\":540,\"caption\":\"Urban Radar\"},\"image\":{\"@id\":\"https:\/\/urbanradar.io\/#\/schema\/logo\/image\/\"},\"sameAs\":[\"https:\/\/x.com\/urbanradar_io\",\"https:\/\/www.linkedin.com\/company\/urbanradar\/\"]}]}<\/script>\n<!-- \/ Yoast SEO plugin. -->","yoast_head_json":{"title":"Services - Urban Radar","description":"Explore Urban Radar services: spatial analytics, custom dashboards, APIs & mapping solutions tailored for smart mobility and city planners","robots":{"index":"index","follow":"follow","max-snippet":"max-snippet:-1","max-image-preview":"max-image-preview:large","max-video-preview":"max-video-preview:-1"},"canonical":"https:\/\/urbanradar.io\/fr\/services\/","og_locale":"fr_FR","og_type":"article","og_title":"Services - Urban Radar","og_description":"Explore Urban Radar services: spatial analytics, custom dashboards, APIs & mapping solutions tailored for smart mobility and city planners","og_url":"https:\/\/urbanradar.io\/fr\/services\/","og_site_name":"Urban Radar","article_modified_time":"2026-02-12T08:29:36+00:00","og_image":[{"url":"https:\/\/urbanradar.io\/wp-content\/uploads\/2024\/05\/image-7.png","type":"","width":"","height":""}],"twitter_card":"summary_large_image","twitter_site":"@urbanradar_io","twitter_misc":{"Dur\u00e9e de lecture estim\u00e9e":"1 minute"},"schema":{"@context":"https:\/\/schema.org","@graph":[{"@type":"WebPage","@id":"https:\/\/urbanradar.io\/fr\/services\/","url":"https:\/\/urbanradar.io\/fr\/services\/","name":"Services - Urban Radar","isPartOf":{"@id":"https:\/\/urbanradar.io\/#website"},"primaryImageOfPage":{"@id":"https:\/\/urbanradar.io\/fr\/services\/#primaryimage"},"image":{"@id":"https:\/\/urbanradar.io\/fr\/services\/#primaryimage"},"thumbnailUrl":"https:\/\/urbanradar.io\/wp-content\/uploads\/2024\/05\/image-7.png","datePublished":"2024-04-08T10:28:57+00:00","dateModified":"2026-02-12T08:29:36+00:00","description":"Explore Urban Radar services: spatial analytics, custom dashboards, APIs & mapping solutions tailored for smart mobility and city planners","breadcrumb":{"@id":"https:\/\/urbanradar.io\/fr\/services\/#breadcrumb"},"inLanguage":"fr-FR","potentialAction":[{"@type":"ReadAction","target":["https:\/\/urbanradar.io\/fr\/services\/"]}]},{"@type":"ImageObject","inLanguage":"fr-FR","@id":"https:\/\/urbanradar.io\/fr\/services\/#primaryimage","url":"https:\/\/urbanradar.io\/wp-content\/uploads\/2024\/05\/image-7.png","contentUrl":"https:\/\/urbanradar.io\/wp-content\/uploads\/2024\/05\/image-7.png"},{"@type":"BreadcrumbList","@id":"https:\/\/urbanradar.io\/fr\/services\/#breadcrumb","itemListElement":[{"@type":"ListItem","position":1,"name":"Home","item":"https:\/\/urbanradar.io\/fr\/"},{"@type":"ListItem","position":2,"name":"Services"}]},{"@type":"WebSite","@id":"https:\/\/urbanradar.io\/#website","url":"https:\/\/urbanradar.io\/","name":"Urban Radar","description":"Votre territoire 4.0","publisher":{"@id":"https:\/\/urbanradar.io\/#organization"},"potentialAction":[{"@type":"SearchAction","target":{"@type":"EntryPoint","urlTemplate":"https:\/\/urbanradar.io\/?s={search_term_string}"},"query-input":{"@type":"PropertyValueSpecification","valueRequired":true,"valueName":"search_term_string"}}],"inLanguage":"fr-FR"},{"@type":"Organization","@id":"https:\/\/urbanradar.io\/#organization","name":"Urban Radar","url":"https:\/\/urbanradar.io\/","logo":{"@type":"ImageObject","inLanguage":"fr-FR","@id":"https:\/\/urbanradar.io\/#\/schema\/logo\/image\/","url":"https:\/\/urbanradar.io\/wp-content\/uploads\/2022\/08\/logo_horizontal_main_dark.webp","contentUrl":"https:\/\/urbanradar.io\/wp-content\/uploads\/2022\/08\/logo_horizontal_main_dark.webp","width":1555,"height":540,"caption":"Urban Radar"},"image":{"@id":"https:\/\/urbanradar.io\/#\/schema\/logo\/image\/"},"sameAs":["https:\/\/x.com\/urbanradar_io","https:\/\/www.linkedin.com\/company\/urbanradar\/"]}]}},"_links":{"self":[{"href":"https:\/\/urbanradar.io\/fr\/wp-json\/wp\/v2\/pages\/1814","targetHints":{"allow":["GET"]}}],"collection":[{"href":"https:\/\/urbanradar.io\/fr\/wp-json\/wp\/v2\/pages"}],"about":[{"href":"https:\/\/urbanradar.io\/fr\/wp-json\/wp\/v2\/types\/page"}],"author":[{"embeddable":true,"href":"https:\/\/urbanradar.io\/fr\/wp-json\/wp\/v2\/users\/5"}],"replies":[{"embeddable":true,"href":"https:\/\/urbanradar.io\/fr\/wp-json\/wp\/v2\/comments?post=1814"}],"version-history":[{"count":170,"href":"https:\/\/urbanradar.io\/fr\/wp-json\/wp\/v2\/pages\/1814\/revisions"}],"predecessor-version":[{"id":4056,"href":"https:\/\/urbanradar.io\/fr\/wp-json\/wp\/v2\/pages\/1814\/revisions\/4056"}],"wp:attachment":[{"href":"https:\/\/urbanradar.io\/fr\/wp-json\/wp\/v2\/media?parent=1814"}],"curies":[{"name":"wp","href":"https:\/\/api.w.org\/{rel}","templated":true}]}}